{"id":6136,"date":"2025-07-31T16:46:43","date_gmt":"2025-07-31T08:46:43","guid":{"rendered":"https:\/\/www.topwinepack.com\/?post_type=product&#038;p=6136"},"modified":"2025-08-07T20:00:48","modified_gmt":"2025-08-07T12:00:48","slug":"black-double-cardboard-wine-bottle-gift-box-custom-with-logo","status":"publish","type":"product","link":"https:\/\/www.topwinepack.com\/de\/black-double-cardboard-wine-bottle-gift-box-custom-with-logo\/","title":{"rendered":"Schwarze Doppelkarton Weinflasche Geschenkbox benutzerdefiniert mit Logo"},"content":{"rendered":"<p>Eine schwarze Karton klappbare Weinbox mit Ledergriffen ist eine kosteng\u00fcnstige L\u00f6sung f\u00fcr die Weinflaschenverpackung. Diese Doppelverpackung klappbare Weinbox verf\u00fcgt \u00fcber einen einfachen schwarzen Logodruck. Sorgf\u00e4llig von unserem Jialan Package-Designteam hergestellt, kann sie an Ihre Spezifikationen f\u00fcr Farbe, Handwerkskunst und Materialien angepasst werden, um eine hoch brandierte Weinbox zu schaffen, die Ihren Wein sch\u00fctzt und seine visuelle Attraktivit\u00e4t auf Supermarkt-Displays erh\u00f6ht.<\/p>\n<table style=\"border-collapse: collapse; width: 100%; height: 192px;\">\n<tbody>\n<tr style=\"height: 24px;\">\n<td style=\"width: 50%; height: 24px;\">Produktname<\/td>\n<td style=\"width: 50%; height: 24px;\">Doppelte Flasche Wein Box<\/td>\n<\/tr>\n<tr style=\"height: 24px;\">\n<td style=\"width: 50%; height: 24px;\">Material<\/td>\n<td style=\"width: 50%; height: 24px;\">1200g graues Karton Textur Papier<\/td>\n<\/tr>\n<tr style=\"height: 24px;\">\n<td style=\"width: 50%; height: 24px;\">Farbe<\/td>\n<td style=\"width: 50%; height: 24px;\">schwarz<\/td>\n<\/tr>\n<tr style=\"height: 24px;\">\n<td style=\"width: 50%; height: 24px;\">Eigenschaften<\/td>\n<td style=\"width: 50%; height: 24px;\">Faltbar, umweltfreundlich, recycelt<\/td>\n<\/tr>\n<tr style=\"height: 24px;\">\n<td style=\"width: 50%; height: 24px;\">Gr\u00f6\u00dfe<\/td>\n<td style=\"width: 50%; height: 24px;\">36&#215;24.5&#215;12.5cm<\/td>\n<\/tr>\n<tr style=\"height: 24px;\">\n<td style=\"width: 50%; height: 24px;\">Moq<\/td>\n<td style=\"width: 50%; height: 24px;\">1000pcs bieten freien Logodruck, 5000pcs bieten freies Design<\/td>\n<\/tr>\n<tr style=\"height: 24px;\">\n<td style=\"width: 50%; height: 24px;\">Griffmaterial<\/td>\n<td style=\"width: 50%; height: 24px;\">Lether Griff<\/td>\n<\/tr>\n<tr style=\"height: 24px;\">\n<td style=\"width: 50%; height: 24px;\">Praktische Szenarien<\/td>\n<td style=\"width: 50%; height: 24px;\">Verpackung von Wein, Spirituosen, Champagner usw.<\/td>\n<\/tr>\n<\/tbody>\n<\/table>","protected":false},"excerpt":{"rendered":"<p>TestTestTestTestTest<\/p>\n<p>TestTestTestTestTest<\/p>\n<p>TestTestTestTestTest<\/p>\n<p>TestTestTestTestTest<\/p>","protected":false},"featured_media":6138,"comment_status":"closed","ping_status":"closed","template":"","meta":[],"product_brand":[],"product_cat":[30],"product_tag":[],"class_list":{"0":"post-6136","1":"product","2":"type-product","3":"status-publish","4":"has-post-thumbnail","6":"product_cat-cardboard-wine-box","8":"first","9":"instock","10":"shipping-taxable","11":"product-type-grouped"},"_links":{"self":[{"href":"https:\/\/www.topwinepack.com\/de\/wp-json\/wp\/v2\/product\/6136","targetHints":{"allow":["GET"]}}],"collection":[{"href":"https:\/\/www.topwinepack.com\/de\/wp-json\/wp\/v2\/product"}],"about":[{"href":"https:\/\/www.topwinepack.com\/de\/wp-json\/wp\/v2\/types\/product"}],"replies":[{"embeddable":true,"href":"https:\/\/www.topwinepack.com\/de\/wp-json\/wp\/v2\/comments?post=6136"}],"wp:featuredmedia":[{"embeddable":true,"href":"https:\/\/www.topwinepack.com\/de\/wp-json\/wp\/v2\/media\/6138"}],"wp:attachment":[{"href":"https:\/\/www.topwinepack.com\/de\/wp-json\/wp\/v2\/media?parent=6136"}],"wp:term":[{"taxonomy":"product_brand","embeddable":true,"href":"https:\/\/www.topwinepack.com\/de\/wp-json\/wp\/v2\/product_brand?post=6136"},{"taxonomy":"product_cat","embeddable":true,"href":"https:\/\/www.topwinepack.com\/de\/wp-json\/wp\/v2\/product_cat?post=6136"},{"taxonomy":"product_tag","embeddable":true,"href":"https:\/\/www.topwinepack.com\/de\/wp-json\/wp\/v2\/product_tag?post=6136"}],"curies":[{"name":"WP","href":"https:\/\/api.w.org\/{rel}","templated":true}]}}