{"id":6136,"date":"2025-07-31T16:46:43","date_gmt":"2025-07-31T08:46:43","guid":{"rendered":"https:\/\/www.topwinepack.com\/?post_type=product&#038;p=6136"},"modified":"2025-08-07T20:00:48","modified_gmt":"2025-08-07T12:00:48","slug":"black-double-cardboard-wine-bottle-gift-box-custom-with-logo","status":"publish","type":"product","link":"https:\/\/www.topwinepack.com\/es\/black-double-cardboard-wine-bottle-gift-box-custom-with-logo\/","title":{"rendered":"Caja de regalo de botella de vino de cart\u00f3n doble negra personalizada con logotipo"},"content":{"rendered":"<p>Una caja de vino plegable de cart\u00f3n negro con asas de cuero es una soluci\u00f3n altamente rentable para el envasado de botellas de vino. Esta caja de vino plegable de doble paquete cuenta con una simple impresi\u00f3n de logotipo negro. Cuidadosamente elaborada por nuestro equipo de dise\u00f1o de paquetes Jialan, se puede personalizar a sus especificaciones de color, artesan\u00eda y materiales, creando una caja de vino de alta marca que protege su vino y mejora su atractivo visual en las pantallas de los supermercados.<\/p>\n<table style=\"border-collapse: collapse; width: 100%; height: 192px;\">\n<tbody>\n<tr style=\"height: 24px;\">\n<td style=\"width: 50%; height: 24px;\">Nombre del producto<\/td>\n<td style=\"width: 50%; height: 24px;\">Caja de vino doble botella<\/td>\n<\/tr>\n<tr style=\"height: 24px;\">\n<td style=\"width: 50%; height: 24px;\">Material<\/td>\n<td style=\"width: 50%; height: 24px;\">Papel de textura de cart\u00f3n gris 1200g<\/td>\n<\/tr>\n<tr style=\"height: 24px;\">\n<td style=\"width: 50%; height: 24px;\">color<\/td>\n<td style=\"width: 50%; height: 24px;\">Negro<\/td>\n<\/tr>\n<tr style=\"height: 24px;\">\n<td style=\"width: 50%; height: 24px;\">Caracter\u00edsticas<\/td>\n<td style=\"width: 50%; height: 24px;\">Plegable, ecol\u00f3gico, reciclable<\/td>\n<\/tr>\n<tr style=\"height: 24px;\">\n<td style=\"width: 50%; height: 24px;\">Tama\u00f1o<\/td>\n<td style=\"width: 50%; height: 24px;\">36&#215;24.5&#215;12.5cm<\/td>\n<\/tr>\n<tr style=\"height: 24px;\">\n<td style=\"width: 50%; height: 24px;\">Moq<\/td>\n<td style=\"width: 50%; height: 24px;\">1000pcs proporcionan impresi\u00f3n de logotipo libre, 5000pcs proporcionan dise\u00f1o libre<\/td>\n<\/tr>\n<tr style=\"height: 24px;\">\n<td style=\"width: 50%; height: 24px;\">Material de manija<\/td>\n<td style=\"width: 50%; height: 24px;\">Mango Lether<\/td>\n<\/tr>\n<tr style=\"height: 24px;\">\n<td style=\"width: 50%; height: 24px;\">Escenarios pr\u00e1cticos<\/td>\n<td style=\"width: 50%; height: 24px;\">Embalaje de vino, licores, champ\u00e1n, etc.<\/td>\n<\/tr>\n<\/tbody>\n<\/table>","protected":false},"excerpt":{"rendered":"<p>PruebaPruebaPrueba<\/p>\n<p>PruebaPruebaPrueba<\/p>\n<p>PruebaPruebaPrueba<\/p>\n<p>PruebaPruebaPrueba<\/p>","protected":false},"featured_media":6138,"comment_status":"closed","ping_status":"closed","template":"","meta":[],"product_brand":[],"product_cat":[30],"product_tag":[],"class_list":{"0":"post-6136","1":"product","2":"type-product","3":"status-publish","4":"has-post-thumbnail","6":"product_cat-cardboard-wine-box","8":"first","9":"instock","10":"shipping-taxable","11":"product-type-grouped"},"_links":{"self":[{"href":"https:\/\/www.topwinepack.com\/es\/wp-json\/wp\/v2\/product\/6136","targetHints":{"allow":["GET"]}}],"collection":[{"href":"https:\/\/www.topwinepack.com\/es\/wp-json\/wp\/v2\/product"}],"about":[{"href":"https:\/\/www.topwinepack.com\/es\/wp-json\/wp\/v2\/types\/product"}],"replies":[{"embeddable":true,"href":"https:\/\/www.topwinepack.com\/es\/wp-json\/wp\/v2\/comments?post=6136"}],"wp:featuredmedia":[{"embeddable":true,"href":"https:\/\/www.topwinepack.com\/es\/wp-json\/wp\/v2\/media\/6138"}],"wp:attachment":[{"href":"https:\/\/www.topwinepack.com\/es\/wp-json\/wp\/v2\/media?parent=6136"}],"wp:term":[{"taxonomy":"product_brand","embeddable":true,"href":"https:\/\/www.topwinepack.com\/es\/wp-json\/wp\/v2\/product_brand?post=6136"},{"taxonomy":"product_cat","embeddable":true,"href":"https:\/\/www.topwinepack.com\/es\/wp-json\/wp\/v2\/product_cat?post=6136"},{"taxonomy":"product_tag","embeddable":true,"href":"https:\/\/www.topwinepack.com\/es\/wp-json\/wp\/v2\/product_tag?post=6136"}],"curies":[{"name":"WP","href":"https:\/\/api.w.org\/{rel}","templated":true}]}}