{"id":6540,"date":"2025-11-14T17:15:33","date_gmt":"2025-11-14T09:15:33","guid":{"rendered":"https:\/\/www.topwinepack.com\/?post_type=product&#038;p=6540"},"modified":"2025-11-14T17:20:18","modified_gmt":"2025-11-14T09:20:18","slug":"eco-friendly-wine-shipping-boxes-custom-with-handle-single-double-triple-bottle-options","status":"publish","type":"product","link":"https:\/\/www.topwinepack.com\/es\/eco-friendly-wine-shipping-boxes-custom-with-handle-single-double-triple-bottle-options\/","title":{"rendered":"Cajas de env\u00edo de vino ecol\u00f3gicas personalizadas con manija \u00fanica, doble &#038; Opciones de botella triple"},"content":{"rendered":"","protected":false},"excerpt":{"rendered":"","protected":false},"featured_media":6547,"comment_status":"closed","ping_status":"closed","template":"","meta":[],"product_brand":[],"product_cat":[33],"product_tag":[],"class_list":{"0":"post-6540","1":"product","2":"type-product","3":"status-publish","4":"has-post-thumbnail","6":"product_cat-wine-shipping-boxes","8":"first","9":"instock","10":"shipping-taxable","11":"product-type-simple"},"_links":{"self":[{"href":"https:\/\/www.topwinepack.com\/es\/wp-json\/wp\/v2\/product\/6540","targetHints":{"allow":["GET"]}}],"collection":[{"href":"https:\/\/www.topwinepack.com\/es\/wp-json\/wp\/v2\/product"}],"about":[{"href":"https:\/\/www.topwinepack.com\/es\/wp-json\/wp\/v2\/types\/product"}],"replies":[{"embeddable":true,"href":"https:\/\/www.topwinepack.com\/es\/wp-json\/wp\/v2\/comments?post=6540"}],"wp:featuredmedia":[{"embeddable":true,"href":"https:\/\/www.topwinepack.com\/es\/wp-json\/wp\/v2\/media\/6547"}],"wp:attachment":[{"href":"https:\/\/www.topwinepack.com\/es\/wp-json\/wp\/v2\/media?parent=6540"}],"wp:term":[{"taxonomy":"product_brand","embeddable":true,"href":"https:\/\/www.topwinepack.com\/es\/wp-json\/wp\/v2\/product_brand?post=6540"},{"taxonomy":"product_cat","embeddable":true,"href":"https:\/\/www.topwinepack.com\/es\/wp-json\/wp\/v2\/product_cat?post=6540"},{"taxonomy":"product_tag","embeddable":true,"href":"https:\/\/www.topwinepack.com\/es\/wp-json\/wp\/v2\/product_tag?post=6540"}],"curies":[{"name":"WP","href":"https:\/\/api.w.org\/{rel}","templated":true}]}}